{"id":4788,"date":"2026-01-25T19:12:02","date_gmt":"2026-01-25T18:12:02","guid":{"rendered":"https:\/\/agwebparis.com\/?page_id=4788"},"modified":"2026-04-05T18:49:34","modified_gmt":"2026-04-05T16:49:34","slug":"mentions-legales","status":"publish","type":"page","link":"https:\/\/agwebparis.com\/index.php\/mentions-legales\/","title":{"rendered":"Mentions L\u00e9gales"},"content":{"rendered":"\t\t<div data-elementor-type=\"wp-page\" data-elementor-id=\"4788\" class=\"elementor elementor-4788\">\n\t\t\t\t\t\t<section class=\"elementor-section elementor-top-section elementor-element elementor-element-0ddd44b elementor-section-boxed elementor-section-height-default elementor-section-height-default\" data-id=\"0ddd44b\" data-element_type=\"section\" data-e-type=\"section\" data-settings=\"{&quot;background_background&quot;:&quot;classic&quot;}\">\n\t\t\t\t\t\t<div class=\"elementor-container elementor-column-gap-default\">\n\t\t\t\t\t<div class=\"elementor-column elementor-col-100 elementor-top-column elementor-element elementor-element-1fabcc0\" data-id=\"1fabcc0\" data-element_type=\"column\" data-e-type=\"column\">\n\t\t\t<div class=\"elementor-widget-wrap elementor-element-populated\">\n\t\t\t\t\t\t<div class=\"elementor-element elementor-element-2ccbb6c elementor-widget elementor-widget-heading\" data-id=\"2ccbb6c\" data-element_type=\"widget\" data-e-type=\"widget\" data-widget_type=\"heading.default\">\n\t\t\t\t<div class=\"elementor-widget-container\">\n\t\t\t\t\t<h2 class=\"elementor-heading-title elementor-size-default\">Mentions L\u00e9gales<\/h2>\t\t\t\t<\/div>\n\t\t\t\t<\/div>\n\t\t\t\t<div class=\"elementor-element elementor-element-8f3fcb3 elementor-widget elementor-widget-text-editor\" data-id=\"8f3fcb3\" data-element_type=\"widget\" data-e-type=\"widget\" data-widget_type=\"text-editor.default\">\n\t\t\t\t<div class=\"elementor-widget-container\">\n\t\t\t\t\t\t\t\t\t<p><strong>Derni\u00e8re modification<\/strong>\u00a0 : 26 janvier 2026<\/p>\t\t\t\t\t\t\t\t<\/div>\n\t\t\t\t<\/div>\n\t\t\t\t\t<\/div>\n\t\t<\/div>\n\t\t\t\t\t<\/div>\n\t\t<\/section>\n\t\t\t\t<section class=\"elementor-section elementor-top-section elementor-element elementor-element-5eddfcd elementor-section-boxed elementor-section-height-default elementor-section-height-default\" data-id=\"5eddfcd\" data-element_type=\"section\" data-e-type=\"section\">\n\t\t\t\t\t\t<div class=\"elementor-container elementor-column-gap-default\">\n\t\t\t\t\t<div class=\"elementor-column elementor-col-100 elementor-top-column elementor-element elementor-element-8ada3b6\" data-id=\"8ada3b6\" data-element_type=\"column\" data-e-type=\"column\">\n\t\t\t<div class=\"elementor-widget-wrap elementor-element-populated\">\n\t\t\t\t\t\t<div class=\"elementor-element elementor-element-759f1b3 elementor-widget elementor-widget-text-editor\" data-id=\"759f1b3\" data-element_type=\"widget\" data-e-type=\"widget\" data-widget_type=\"text-editor.default\">\n\t\t\t\t<div class=\"elementor-widget-container\">\n\t\t\t\t\t\t\t\t\t<h3><span style=\"color: #000080;\">1. Pr\u00e9sentation du site<\/span><\/h3><p>En vertu de l&rsquo;article 6 de la loi n\u00b0 2004-575 du 21 juin 2004 pour la confiance dans l&rsquo;\u00e9conomie num\u00e9rique, il est pr\u00e9cis\u00e9 aux utilisateurs du site https:\/\/agwebparis.com l&rsquo;identit\u00e9 des diff\u00e9rents intervenants dans le cadre de sa r\u00e9alisation et de son suivi :<\/p><ul><li><strong>Propri\u00e9taire &amp; \u00c9diteur :<\/strong> Aurore Grand \u2013 Entrepreneur Individuel (AGWEB PARIS)<\/li><li><strong>SIRET :<\/strong> 79960902900027<\/li><li><strong>Si\u00e8ge social :<\/strong> 1 rue George Sand &#8211; 95570 Bouff\u00e9mont &#8211; France<\/li><li><strong>Dispositif fiscal :<\/strong> TVA non applicable, art. 293 B du CGI<\/li><li><strong>Directrice de la publication :<\/strong> Aurore Grand<\/li><li><strong>Contact :<\/strong> contact@agwebparis.com<\/li><li><strong>Webmaster :<\/strong> Aurore Grand<\/li><\/ul><h3><span style=\"color: #000080;\">2. H\u00e9bergement<\/span><\/h3><p>Le site est h\u00e9berg\u00e9 par la soci\u00e9t\u00e9 OVH :<\/p><ul><li><span style=\"font-size: 16px;\"><strong>Raison sociale :<\/strong> OVH SAS<\/span><\/li><li><span style=\"font-size: 16px;\"><strong>Adresse :<\/strong> 2 rue Kellermann \u2013 59100 Roubaix \u2013 France<\/span><\/li><li><span style=\"font-size: 16px;\"><strong>Site web :<\/strong> www.ovh.com<\/span><\/li><\/ul><h3><span style=\"color: #000080;\">3. Propri\u00e9t\u00e9 intellectuelle<\/span><\/h3><p>Le Site et chacun des \u00e9l\u00e9ments qui le composent (marques, logos, ic\u00f4nes, infographies, photographies, textes) sont prot\u00e9g\u00e9s au titre de la l\u00e9gislation internationale de la propri\u00e9t\u00e9 intellectuelle. Toute utilisation, reproduction ou repr\u00e9sentation, par quelque proc\u00e9d\u00e9 que ce soit, de tout ou partie du site sans le consentement \u00e9crit pr\u00e9alable de <strong>AGWEB PARIS<\/strong> est strictement interdite.<\/p><h3><span style=\"color: #000080;\">4. Limitations de responsabilit\u00e9<\/span><\/h3><p>Les informations contenues sur le Site sont fournies \u00e0 titre indicatif. La responsabilit\u00e9 de <strong>AGWEB PARIS<\/strong> ne pourra en aucun cas \u00eatre engag\u00e9e \u00e0 la suite d\u2019une d\u00e9cision prise sur la base des informations pr\u00e9sentes sur le site.<\/p><p>Le Site peut contenir des liens vers des sites tiers. <strong>AGWEB PARIS<\/strong> d\u00e9cline toute responsabilit\u00e9 quant \u00e0 leur contenu.<\/p><h3><span style=\"color: #000080;\">5. Donn\u00e9es personnelles et RGPD<\/span><\/h3><p>Les donn\u00e9es collect\u00e9es via le formulaire de contact sont utilis\u00e9es exclusivement pour traiter vos demandes. Conform\u00e9ment au RGPD, vous disposez d\u2019un droit d\u2019acc\u00e8s, de rectification et de suppression de vos donn\u00e9es en contactant : contact@agwebparis.com. Pour plus de d\u00e9tails, consultez notre Politique de Confidentialit\u00e9.<\/p><h3><span style=\"color: #000080;\">6. Droit applicable<\/span><\/h3><p>Tout litige en relation avec l\u2019utilisation du site https:\/\/agwebparis.com est soumis au droit fran\u00e7ais.<\/p>\t\t\t\t\t\t\t\t<\/div>\n\t\t\t\t<\/div>\n\t\t\t\t\t<\/div>\n\t\t<\/div>\n\t\t\t\t\t<\/div>\n\t\t<\/section>\n\t\t\t\t<\/div>\n\t\t","protected":false},"excerpt":{"rendered":"<p>Mentions L\u00e9gales Derni\u00e8re modification\u00a0 : 26 janvier 2026 1. Pr\u00e9sentation du site En vertu de l&rsquo;article 6 de la loi n\u00b0 2004-575 du 21 juin 2004 pour la confiance dans l&rsquo;\u00e9conomie num\u00e9rique, il est pr\u00e9cis\u00e9 aux utilisateurs du site https:\/\/agwebparis.com l&rsquo;identit\u00e9 des diff\u00e9rents intervenants dans le cadre de sa r\u00e9alisation et de son suivi : [&hellip;]<\/p>\n","protected":false},"author":1,"featured_media":0,"parent":0,"menu_order":0,"comment_status":"closed","ping_status":"closed","template":"elementor_header_footer","meta":{"site-sidebar-layout":"no-sidebar","site-content-layout":"page-builder","ast-site-content-layout":"full-width-container","site-content-style":"default","site-sidebar-style":"default","ast-global-header-display":"","ast-banner-title-visibility":"","ast-main-header-display":"","ast-hfb-above-header-display":"","ast-hfb-below-header-display":"","ast-hfb-mobile-header-display":"","site-post-title":"","ast-breadcrumbs-content":"","ast-featured-img":"disabled","footer-sml-layout":"","ast-disable-related-posts":"","theme-transparent-header-meta":"","adv-header-id-meta":"","stick-header-meta":"","header-above-stick-meta":"","header-main-stick-meta":"","header-below-stick-meta":"","astra-migrate-meta-layouts":"set","ast-page-background-enabled":"default","ast-page-background-meta":{"desktop":{"background-color":"","background-image":"","background-repeat":"repeat","background-position":"center center","background-size":"auto","background-attachment":"scroll","background-type":"","background-media":"","overlay-type":"","overlay-color":"","overlay-opacity":"","overlay-gradient":""},"tablet":{"background-color":"","background-image":"","background-repeat":"repeat","background-position":"center center","background-size":"auto","background-attachment":"scroll","background-type":"","background-media":"","overlay-type":"","overlay-color":"","overlay-opacity":"","overlay-gradient":""},"mobile":{"background-color":"","background-image":"","background-repeat":"repeat","background-position":"center center","background-size":"auto","background-attachment":"scroll","background-type":"","background-media":"","overlay-type":"","overlay-color":"","overlay-opacity":"","overlay-gradient":""}},"ast-content-background-meta":{"desktop":{"background-color":"var(--ast-global-color-5)","background-image":"","background-repeat":"repeat","background-position":"center center","background-size":"auto","background-attachment":"scroll","background-type":"","background-media":"","overlay-type":"","overlay-color":"","overlay-opacity":"","overlay-gradient":""},"tablet":{"background-color":"var(--ast-global-color-5)","background-image":"","background-repeat":"repeat","background-position":"center center","background-size":"auto","background-attachment":"scroll","background-type":"","background-media":"","overlay-type":"","overlay-color":"","overlay-opacity":"","overlay-gradient":""},"mobile":{"background-color":"var(--ast-global-color-5)","background-image":"","background-repeat":"repeat","background-position":"center center","background-size":"auto","background-attachment":"scroll","background-type":"","background-media":"","overlay-type":"","overlay-color":"","overlay-opacity":"","overlay-gradient":""}},"footnotes":""},"class_list":["post-4788","page","type-page","status-publish","hentry"],"yoast_head":"<!-- This site is optimized with the Yoast SEO plugin v27.3 - https:\/\/yoast.com\/product\/yoast-seo-wordpress\/ -->\n<title>Mentions L\u00e9gales - AGWEB PARIS<\/title>\n<meta name=\"robots\" content=\"noindex, nofollow\" \/>\n<meta property=\"og:locale\" content=\"fr_FR\" \/>\n<meta property=\"og:type\" content=\"article\" \/>\n<meta property=\"og:title\" content=\"Mentions L\u00e9gales - AGWEB PARIS\" \/>\n<meta property=\"og:description\" content=\"Mentions L\u00e9gales Derni\u00e8re modification\u00a0 : 26 janvier 2026 1. Pr\u00e9sentation du site En vertu de l&rsquo;article 6 de la loi n\u00b0 2004-575 du 21 juin 2004 pour la confiance dans l&rsquo;\u00e9conomie num\u00e9rique, il est pr\u00e9cis\u00e9 aux utilisateurs du site https:\/\/agwebparis.com l&rsquo;identit\u00e9 des diff\u00e9rents intervenants dans le cadre de sa r\u00e9alisation et de son suivi : [&hellip;]\" \/>\n<meta property=\"og:url\" content=\"https:\/\/agwebparis.com\/index.php\/mentions-legales\/\" \/>\n<meta property=\"og:site_name\" content=\"AGWEB PARIS\" \/>\n<meta property=\"article:modified_time\" content=\"2026-04-05T16:49:34+00:00\" \/>\n<meta name=\"twitter:card\" content=\"summary_large_image\" \/>\n<meta name=\"twitter:label1\" content=\"Dur\u00e9e de lecture estim\u00e9e\" \/>\n\t<meta name=\"twitter:data1\" content=\"2 minutes\" \/>\n<script type=\"application\/ld+json\" class=\"yoast-schema-graph\">{\"@context\":\"https:\\\/\\\/schema.org\",\"@graph\":[{\"@type\":\"WebPage\",\"@id\":\"https:\\\/\\\/agwebparis.com\\\/index.php\\\/mentions-legales\\\/\",\"url\":\"https:\\\/\\\/agwebparis.com\\\/index.php\\\/mentions-legales\\\/\",\"name\":\"Mentions L\u00e9gales - AGWEB PARIS\",\"isPartOf\":{\"@id\":\"https:\\\/\\\/agwebparis.com\\\/#website\"},\"datePublished\":\"2026-01-25T18:12:02+00:00\",\"dateModified\":\"2026-04-05T16:49:34+00:00\",\"breadcrumb\":{\"@id\":\"https:\\\/\\\/agwebparis.com\\\/index.php\\\/mentions-legales\\\/#breadcrumb\"},\"inLanguage\":\"fr-FR\",\"potentialAction\":[{\"@type\":\"ReadAction\",\"target\":[\"https:\\\/\\\/agwebparis.com\\\/index.php\\\/mentions-legales\\\/\"]}]},{\"@type\":\"BreadcrumbList\",\"@id\":\"https:\\\/\\\/agwebparis.com\\\/index.php\\\/mentions-legales\\\/#breadcrumb\",\"itemListElement\":[{\"@type\":\"ListItem\",\"position\":1,\"name\":\"Accueil\",\"item\":\"https:\\\/\\\/agwebparis.com\\\/\"},{\"@type\":\"ListItem\",\"position\":2,\"name\":\"Mentions L\u00e9gales\"}]},{\"@type\":\"WebSite\",\"@id\":\"https:\\\/\\\/agwebparis.com\\\/#website\",\"url\":\"https:\\\/\\\/agwebparis.com\\\/\",\"name\":\"AGWEB PARIS\",\"description\":\"\",\"publisher\":{\"@id\":\"https:\\\/\\\/agwebparis.com\\\/#organization\"},\"potentialAction\":[{\"@type\":\"SearchAction\",\"target\":{\"@type\":\"EntryPoint\",\"urlTemplate\":\"https:\\\/\\\/agwebparis.com\\\/?s={search_term_string}\"},\"query-input\":{\"@type\":\"PropertyValueSpecification\",\"valueRequired\":true,\"valueName\":\"search_term_string\"}}],\"inLanguage\":\"fr-FR\"},{\"@type\":\"Organization\",\"@id\":\"https:\\\/\\\/agwebparis.com\\\/#organization\",\"name\":\"AGWEB PARIS\",\"url\":\"https:\\\/\\\/agwebparis.com\\\/\",\"logo\":{\"@type\":\"ImageObject\",\"inLanguage\":\"fr-FR\",\"@id\":\"https:\\\/\\\/agwebparis.com\\\/#\\\/schema\\\/logo\\\/image\\\/\",\"url\":\"https:\\\/\\\/agwebparis.com\\\/wp-content\\\/uploads\\\/2026\\\/01\\\/cropped-agweb-paris-1-scaled-1.png\",\"contentUrl\":\"https:\\\/\\\/agwebparis.com\\\/wp-content\\\/uploads\\\/2026\\\/01\\\/cropped-agweb-paris-1-scaled-1.png\",\"width\":2560,\"height\":789,\"caption\":\"AGWEB PARIS\"},\"image\":{\"@id\":\"https:\\\/\\\/agwebparis.com\\\/#\\\/schema\\\/logo\\\/image\\\/\"}}]}<\/script>\n<!-- \/ Yoast SEO plugin. -->","yoast_head_json":{"title":"Mentions L\u00e9gales - AGWEB PARIS","robots":{"index":"noindex","follow":"nofollow"},"og_locale":"fr_FR","og_type":"article","og_title":"Mentions L\u00e9gales - AGWEB PARIS","og_description":"Mentions L\u00e9gales Derni\u00e8re modification\u00a0 : 26 janvier 2026 1. Pr\u00e9sentation du site En vertu de l&rsquo;article 6 de la loi n\u00b0 2004-575 du 21 juin 2004 pour la confiance dans l&rsquo;\u00e9conomie num\u00e9rique, il est pr\u00e9cis\u00e9 aux utilisateurs du site https:\/\/agwebparis.com l&rsquo;identit\u00e9 des diff\u00e9rents intervenants dans le cadre de sa r\u00e9alisation et de son suivi : [&hellip;]","og_url":"https:\/\/agwebparis.com\/index.php\/mentions-legales\/","og_site_name":"AGWEB PARIS","article_modified_time":"2026-04-05T16:49:34+00:00","twitter_card":"summary_large_image","twitter_misc":{"Dur\u00e9e de lecture estim\u00e9e":"2 minutes"},"schema":{"@context":"https:\/\/schema.org","@graph":[{"@type":"WebPage","@id":"https:\/\/agwebparis.com\/index.php\/mentions-legales\/","url":"https:\/\/agwebparis.com\/index.php\/mentions-legales\/","name":"Mentions L\u00e9gales - AGWEB PARIS","isPartOf":{"@id":"https:\/\/agwebparis.com\/#website"},"datePublished":"2026-01-25T18:12:02+00:00","dateModified":"2026-04-05T16:49:34+00:00","breadcrumb":{"@id":"https:\/\/agwebparis.com\/index.php\/mentions-legales\/#breadcrumb"},"inLanguage":"fr-FR","potentialAction":[{"@type":"ReadAction","target":["https:\/\/agwebparis.com\/index.php\/mentions-legales\/"]}]},{"@type":"BreadcrumbList","@id":"https:\/\/agwebparis.com\/index.php\/mentions-legales\/#breadcrumb","itemListElement":[{"@type":"ListItem","position":1,"name":"Accueil","item":"https:\/\/agwebparis.com\/"},{"@type":"ListItem","position":2,"name":"Mentions L\u00e9gales"}]},{"@type":"WebSite","@id":"https:\/\/agwebparis.com\/#website","url":"https:\/\/agwebparis.com\/","name":"AGWEB PARIS","description":"","publisher":{"@id":"https:\/\/agwebparis.com\/#organization"},"potentialAction":[{"@type":"SearchAction","target":{"@type":"EntryPoint","urlTemplate":"https:\/\/agwebparis.com\/?s={search_term_string}"},"query-input":{"@type":"PropertyValueSpecification","valueRequired":true,"valueName":"search_term_string"}}],"inLanguage":"fr-FR"},{"@type":"Organization","@id":"https:\/\/agwebparis.com\/#organization","name":"AGWEB PARIS","url":"https:\/\/agwebparis.com\/","logo":{"@type":"ImageObject","inLanguage":"fr-FR","@id":"https:\/\/agwebparis.com\/#\/schema\/logo\/image\/","url":"https:\/\/agwebparis.com\/wp-content\/uploads\/2026\/01\/cropped-agweb-paris-1-scaled-1.png","contentUrl":"https:\/\/agwebparis.com\/wp-content\/uploads\/2026\/01\/cropped-agweb-paris-1-scaled-1.png","width":2560,"height":789,"caption":"AGWEB PARIS"},"image":{"@id":"https:\/\/agwebparis.com\/#\/schema\/logo\/image\/"}}]}},"_links":{"self":[{"href":"https:\/\/agwebparis.com\/index.php\/wp-json\/wp\/v2\/pages\/4788","targetHints":{"allow":["GET"]}}],"collection":[{"href":"https:\/\/agwebparis.com\/index.php\/wp-json\/wp\/v2\/pages"}],"about":[{"href":"https:\/\/agwebparis.com\/index.php\/wp-json\/wp\/v2\/types\/page"}],"author":[{"embeddable":true,"href":"https:\/\/agwebparis.com\/index.php\/wp-json\/wp\/v2\/users\/1"}],"replies":[{"embeddable":true,"href":"https:\/\/agwebparis.com\/index.php\/wp-json\/wp\/v2\/comments?post=4788"}],"version-history":[{"count":40,"href":"https:\/\/agwebparis.com\/index.php\/wp-json\/wp\/v2\/pages\/4788\/revisions"}],"predecessor-version":[{"id":4913,"href":"https:\/\/agwebparis.com\/index.php\/wp-json\/wp\/v2\/pages\/4788\/revisions\/4913"}],"wp:attachment":[{"href":"https:\/\/agwebparis.com\/index.php\/wp-json\/wp\/v2\/media?parent=4788"}],"curies":[{"name":"wp","href":"https:\/\/api.w.org\/{rel}","templated":true}]}}